{"id":65,"date":"2017-10-24T13:57:09","date_gmt":"2017-10-24T11:57:09","guid":{"rendered":"http:\/\/www.pentra.sav.sk\/?page_id=65"},"modified":"2026-01-14T14:47:48","modified_gmt":"2026-01-14T13:47:48","slug":"vystupy-projektu","status":"publish","type":"page","link":"https:\/\/mier.sav.sk\/index.php\/vystupy-projektu\/","title":{"rendered":"Keynote speakers"},"content":{"rendered":"\n<h2 class=\"wp-block-heading has-vivid-cyan-blue-color has-text-color\">Zuzana Fung\u00e1\u010dov\u00e1<\/h2>\n\n\n\n<p class=\"has-text-align-left\"><\/p>\n\n\n\n<figure class=\"wp-block-image size-large is-resized\"><img decoding=\"async\" loading=\"lazy\" src=\"https:\/\/mier.sav.sk\/wp-content\/uploads\/Z_Fungacova-1-800x1024.jpg\" alt=\"\" class=\"wp-image-668\" width=\"200\" height=\"256\" srcset=\"https:\/\/mier.sav.sk\/wp-content\/uploads\/Z_Fungacova-1-800x1024.jpg 800w, https:\/\/mier.sav.sk\/wp-content\/uploads\/Z_Fungacova-1-234x300.jpg 234w, https:\/\/mier.sav.sk\/wp-content\/uploads\/Z_Fungacova-1-768x983.jpg 768w, https:\/\/mier.sav.sk\/wp-content\/uploads\/Z_Fungacova-1-1200x1536.jpg 1200w, https:\/\/mier.sav.sk\/wp-content\/uploads\/Z_Fungacova-1.jpg 1533w\" sizes=\"(max-width: 200px) 100vw, 200px\" \/><\/figure>\n\n\n\n<p><\/p>\n\n\n\n<p><strong>Zuzana Fung\u00e1\u010dov\u00e1<\/strong> is Senior Adviser at the Bank of Finland Institute for Emerging Economies (BOFIT), where she leads research activities and serves as Editor-in-Chief of the BOFIT Discussion Paper Series. Her work focuses on empirical banking, emerging markets and their financial sectors as well as political economy of banking. She has published extensively in leading international journals, including the Journal of Comparative Economics, International Journal of Central Banking, Journal of Financial Stability, Journal of Banking and Finance, Journal of Financial Services Research, Journal of Economic Behavior &amp; Organization, World Development, Economics of Transition, China Economic Review and contributed chapters to the Oxford Handbook of Banking. Dr. Fung\u00e1\u010dov\u00e1 earned her Ph.D. in Economics from CERGE-EI in Prague and has held visiting positions at the European Central Bank, Austrian National Bank, and University of Pennsylvania. She is currently President of the Slovak Economic Association and actively participates in international research networks and policy discussions. Her recent projects explore topics related to geopolitical risk, monetary policy transmission, and the interplay between politics and banking.<\/p>\n\n\n\n<p><\/p>\n\n\n\n<p>Dr. Fung\u00e1\u010dov\u00e1 will give a lecture entitled <strong>Northern Insights: Geopolitical Risk from Finnish News Media<\/strong>.<\/p>\n\n\n\n<p><em>Geopolitical risk has become a persistent feature of the global economic environment. Wars, rising military tensions, and acts of terrorism increasingly shape expectations in financial markets and influence the behaviour of firms and households. Yet despite this growing importance, much of what we know about geopolitical risk is filtered through a narrow informational lens. Widely used measures rely on English-language media with global reach, potentially failing to sufficiently capture how risks are perceived everywhere. For small, open economies with distinctive histories and languages, this limitation may be particularly acute. We construct a geopolitical risk indicator for Finland using local, Finnish language news media &#8211; FinnGPR. We compare FinnGPR to global and country-specific measures of geopolitical risk derived from Anglo-Saxon media. We show that in the case of Finland, local geopolitical risk perceptions based on local news media differ from global attention on geopolitical risk in Finland as reflected in the global media. We study the effects of FinnGPR on the Finnish economy and find that the Finnish economy tends to be resilient to geopolitical risk shocks. Nevertheless, we find that geopolitical risks can represent a threat to Finnish financial market stability.<\/em><\/p>\n\n\n\n<h2 class=\"wp-block-heading has-vivid-cyan-blue-color has-text-color\">Tom\u00e1\u0161 Jagelka<\/h2>\n\n\n\n<p><a href=\"https:\/\/sites.google.com\/view\/tomasjagelka\/home\" target=\"_blank\" rel=\"noreferrer noopener\">https:\/\/sites.google.com\/view\/tomasjagelka\/home<\/a><\/p>\n\n\n\n<figure class=\"wp-block-image size-large is-resized\"><img decoding=\"async\" loading=\"lazy\" src=\"https:\/\/mier.sav.sk\/wp-content\/uploads\/Profile-1-1-1024x1024.jpg\" alt=\"\" class=\"wp-image-669\" width=\"256\" height=\"256\" srcset=\"https:\/\/mier.sav.sk\/wp-content\/uploads\/Profile-1-1-1024x1024.jpg 1024w, https:\/\/mier.sav.sk\/wp-content\/uploads\/Profile-1-1-300x300.jpg 300w, https:\/\/mier.sav.sk\/wp-content\/uploads\/Profile-1-1-150x150.jpg 150w, https:\/\/mier.sav.sk\/wp-content\/uploads\/Profile-1-1-768x768.jpg 768w, https:\/\/mier.sav.sk\/wp-content\/uploads\/Profile-1-1.jpg 1464w\" sizes=\"(max-width: 256px) 100vw, 256px\" \/><\/figure>\n\n\n\n<p><strong>Tom\u00e1\u0161 Jagelka<\/strong> is an Associate Professor at the University of Bonn and a recurrent visitor to the economics department at Dartmouth College. His current research, supported by the ERC Starting Grant FELICITAS, focuses on advancing our understanding of preferences, skills, and other personal attributes, which are fundamental drivers of success in various life domains. His research has been published in outlets such as the <a rel=\"noreferrer noopener\" href=\"https:\/\/www.journals.uchicago.edu\/doi\/abs\/10.1086\/726908\" target=\"_blank\"><em>Journal of Political Economy<\/em><\/a> and recognized by the French Economic Association (<a rel=\"noreferrer noopener\" href=\"https:\/\/econtribute.de\/cluster-member-tomas-jagelka-awarded-for-his-research\/\" target=\"_blank\">Best PhD in economics in France<\/a>, 2019), International Association for Applied Econometrics (<a rel=\"noreferrer noopener\" href=\"https:\/\/portail.polytechnique.edu\/economie\/fr\/tomas-jagelka-phd-crest-polytechnique-awarded-best-paper-prize-iaae\" target=\"_blank\">Best paper presented by a PhD student<\/a>, 2019), and the Slovak Economic Association (<a rel=\"noreferrer noopener\" href=\"https:\/\/slovakecon.sk\/?PageId=20\" target=\"_blank\">Best paper authored by economist up to 35 years of age<\/a>, 2020) and most recently by the 14th annual&nbsp;<a rel=\"noreferrer noopener\" href=\"https:\/\/business-school.exeter.ac.uk\/research\/exeter_prize\/\" target=\"_blank\">Exeter Prize<\/a>&nbsp;awarded to the most outstanding article published in a refereed journal in the previous calendar year from the following fields: experimental economics, decision theory&nbsp;and behavioral economics.<\/p>\n\n\n\n<p><strong>Dr. Jagelka<\/strong> will give a lecture entitled <strong>Understanding People\u2019s Preferences (Valuations) for Essential Life Attributes<\/strong>.<\/p>\n\n\n\n<p><em>Preferences, skills, and other latent personal attributes (PSAs) are key drivers of a myriad of decisions which combine to create an individual\u2019s life story. However, unobserved PSAs are only noisily revealed by observed behavior. I demonstrate that an innovative discrete choice framework, in which respondents choose between pairs of realistic life stories, can be used to provide causal estimates of distributions in preferences (valuations) for policy-relevant life outcomes (longevity, health, family structure) in the United States and in Europe. I link the estimated heterogeneity to culture, demographics, and other PSAs. In addition, LLMs may be prompted to provide complementary signals on people\u2019s preferences for essential life attributes even if data for human respondents is available.<\/em><\/p>\n\n\n\n<p><\/p>\n","protected":false},"excerpt":{"rendered":"<p>Zuzana Fung\u00e1\u010dov\u00e1 Zuzana Fung\u00e1\u010dov\u00e1 is Senior Adviser at the Bank of Finland Institute for Emerging Economies (BOFIT), where she leads research activities and serves as Editor-in-Chief of the BOFIT Discussion&#8230;<\/p>\n","protected":false},"author":1,"featured_media":0,"parent":0,"menu_order":0,"comment_status":"closed","ping_status":"closed","template":"","meta":[],"_links":{"self":[{"href":"https:\/\/mier.sav.sk\/index.php\/wp-json\/wp\/v2\/pages\/65"}],"collection":[{"href":"https:\/\/mier.sav.sk\/index.php\/wp-json\/wp\/v2\/pages"}],"about":[{"href":"https:\/\/mier.sav.sk\/index.php\/wp-json\/wp\/v2\/types\/page"}],"author":[{"embeddable":true,"href":"https:\/\/mier.sav.sk\/index.php\/wp-json\/wp\/v2\/users\/1"}],"replies":[{"embeddable":true,"href":"https:\/\/mier.sav.sk\/index.php\/wp-json\/wp\/v2\/comments?post=65"}],"version-history":[{"count":139,"href":"https:\/\/mier.sav.sk\/index.php\/wp-json\/wp\/v2\/pages\/65\/revisions"}],"predecessor-version":[{"id":699,"href":"https:\/\/mier.sav.sk\/index.php\/wp-json\/wp\/v2\/pages\/65\/revisions\/699"}],"wp:attachment":[{"href":"https:\/\/mier.sav.sk\/index.php\/wp-json\/wp\/v2\/media?parent=65"}],"curies":[{"name":"wp","href":"https:\/\/api.w.org\/{rel}","templated":true}]}}