{"id":62,"date":"2017-10-24T13:56:19","date_gmt":"2017-10-24T11:56:19","guid":{"rendered":"http:\/\/www.pentra.sav.sk\/?page_id=62"},"modified":"2026-01-14T14:26:10","modified_gmt":"2026-01-14T13:26:10","slug":"etapy-projektu","status":"publish","type":"page","link":"https:\/\/mier.sav.sk\/index.php\/etapy-projektu\/","title":{"rendered":"Conference fee"},"content":{"rendered":"\n<p><\/p>\n\n\n\n<ul>\n<li>350 EUR \u2013 Includes the cost of 2 nights&#8216; accommodation, catering on the days of the Meeting, and operating costs.<\/li>\n\n\n\n<li>250 EUR &#8211; Includes the cost of 1 night&#8217;s accommodation, catering for the days of the Meeting, and operating costs.<\/li>\n\n\n\n<li>150 EUR \u2013 Includes only the cost of catering on the days of the Meeting and operating costs.<\/li>\n<\/ul>\n\n\n\n<p><\/p>\n\n\n\n<p><\/p>\n\n\n\n<p><strong>Payment Information:<\/strong><\/p>\n\n\n\n<p> <span lang=\"EN-GB\" style=\"mso-fareast-font-family:&quot;Times New Roman&quot;;\nmso-bidi-font-family:Calibri;mso-bidi-theme-font:minor-latin;color:black;\nmso-font-kerning:0pt;mso-ligatures:none;mso-ansi-language:EN-GB;mso-fareast-language:\nSK\">The conference fees can be paid to the following <strong>bank account<\/strong>:<span style=\"background:yellow;mso-highlight:yellow\"><\/span><\/span><\/p>\n\n\n\n<p><em>\u0160t\u00e1tna pokladnica, Radlinsk\u00e9ho 32, 810 05 Bratislava, Slovensk\u00e1 republika<\/em><\/p>\n\n\n\n<p><em>Account name: Konferencia v Smoleniciach \u2013 Mier 2026<\/em><\/p>\n\n\n\n<p><em>IBAN: SK81 8180 0000 0070 0068 1071<\/em><\/p>\n\n\n\n<p><em>BIC: SPSRSKBA<\/em><\/p>\n\n\n\n<p><em>Notes for receiver: name of the conference participant<\/em><\/p>\n\n\n\n<p><\/p>\n\n\n\n<p>If paying for more than one participant, please specify the names of the conference attendees in the notes for the receiver. <\/p>\n\n\n\n<p>The conference fee is non-refundable.<\/p>\n\n\n\n<p>The&nbsp;tax document for the conference fee payment will be provided&nbsp;on the day of the Meeting opening.<br><br><\/p>\n\n\n\n<p><\/p>\n","protected":false},"excerpt":{"rendered":"<p>Payment Information: The conference fees can be paid to the following bank account: \u0160t\u00e1tna pokladnica, Radlinsk\u00e9ho 32, 810 05 Bratislava, Slovensk\u00e1 republika Account name: Konferencia v Smoleniciach \u2013 Mier 2026&#8230;<\/p>\n","protected":false},"author":1,"featured_media":0,"parent":0,"menu_order":0,"comment_status":"closed","ping_status":"closed","template":"","meta":[],"_links":{"self":[{"href":"https:\/\/mier.sav.sk\/index.php\/wp-json\/wp\/v2\/pages\/62"}],"collection":[{"href":"https:\/\/mier.sav.sk\/index.php\/wp-json\/wp\/v2\/pages"}],"about":[{"href":"https:\/\/mier.sav.sk\/index.php\/wp-json\/wp\/v2\/types\/page"}],"author":[{"embeddable":true,"href":"https:\/\/mier.sav.sk\/index.php\/wp-json\/wp\/v2\/users\/1"}],"replies":[{"embeddable":true,"href":"https:\/\/mier.sav.sk\/index.php\/wp-json\/wp\/v2\/comments?post=62"}],"version-history":[{"count":36,"href":"https:\/\/mier.sav.sk\/index.php\/wp-json\/wp\/v2\/pages\/62\/revisions"}],"predecessor-version":[{"id":681,"href":"https:\/\/mier.sav.sk\/index.php\/wp-json\/wp\/v2\/pages\/62\/revisions\/681"}],"wp:attachment":[{"href":"https:\/\/mier.sav.sk\/index.php\/wp-json\/wp\/v2\/media?parent=62"}],"curies":[{"name":"wp","href":"https:\/\/api.w.org\/{rel}","templated":true}]}}